{"id":333,"date":"2024-04-16T10:25:44","date_gmt":"2024-04-16T08:25:44","guid":{"rendered":"https:\/\/www.ag2d.be\/gomap\/?page_id=333"},"modified":"2024-05-23T22:45:28","modified_gmt":"2024-05-23T20:45:28","slug":"project-manager-regisseur","status":"publish","type":"page","link":"https:\/\/www.ag2d.be\/gomap\/project-manager-regisseur\/","title":{"rendered":"Project manager\/R\u00e9gisseur"},"content":{"rendered":"\t\t<div data-elementor-type=\"wp-page\" data-elementor-id=\"333\" class=\"elementor elementor-333\" data-elementor-post-type=\"page\">\n\t\t\t\t<div class=\"elementor-element elementor-element-fa25127 e-con-full e-flex e-con e-parent\" data-id=\"fa25127\" data-element_type=\"container\" data-settings=\"{&quot;background_background&quot;:&quot;classic&quot;,&quot;shape_divider_bottom&quot;:&quot;opacity-tilt&quot;}\">\n\t\t\t\t<div class=\"elementor-shape elementor-shape-bottom\" data-negative=\"false\">\n\t\t\t<svg xmlns=\"http:\/\/www.w3.org\/2000\/svg\" viewBox=\"0 0 2600 131.1\" preserveAspectRatio=\"none\">\n\t<path class=\"elementor-shape-fill\" d=\"M0 0L2600 0 2600 69.1 0 0z\"\/>\n\t<path class=\"elementor-shape-fill\" style=\"opacity:0.5\" d=\"M0 0L2600 0 2600 69.1 0 69.1z\"\/>\n\t<path class=\"elementor-shape-fill\" style=\"opacity:0.25\" d=\"M2600 0L0 0 0 130.1 2600 69.1z\"\/>\n<\/svg>\t\t<\/div>\n\t\t\t\t<\/div>\n\t\t<div class=\"elementor-element elementor-element-1c9418f e-flex e-con-boxed e-con e-parent\" data-id=\"1c9418f\" data-element_type=\"container\">\n\t\t\t\t\t<div class=\"e-con-inner\">\n\t\t\t\t<div class=\"elementor-element elementor-element-e1630ed elementor-widget elementor-widget-heading\" data-id=\"e1630ed\" data-element_type=\"widget\" data-widget_type=\"heading.default\">\n\t\t\t\t<div class=\"elementor-widget-container\">\n\t\t\t<style>\/*! elementor - v3.21.0 - 26-05-2024 *\/\n.elementor-heading-title{padding:0;margin:0;line-height:1}.elementor-widget-heading .elementor-heading-title[class*=elementor-size-]>a{color:inherit;font-size:inherit;line-height:inherit}.elementor-widget-heading .elementor-heading-title.elementor-size-small{font-size:15px}.elementor-widget-heading .elementor-heading-title.elementor-size-medium{font-size:19px}.elementor-widget-heading .elementor-heading-title.elementor-size-large{font-size:29px}.elementor-widget-heading .elementor-heading-title.elementor-size-xl{font-size:39px}.elementor-widget-heading .elementor-heading-title.elementor-size-xxl{font-size:59px}<\/style><h2 class=\"elementor-heading-title elementor-size-default\">Project manager\/r\u00e9gisseur<\/h2>\t\t<\/div>\n\t\t\t\t<\/div>\n\t\t\t\t<div class=\"elementor-element elementor-element-4c0039b elementor-widget__width-inherit elementor-widget elementor-widget-text-editor\" data-id=\"4c0039b\" data-element_type=\"widget\" data-widget_type=\"text-editor.default\">\n\t\t\t\t<div class=\"elementor-widget-container\">\n\t\t\t<style>\/*! elementor - v3.21.0 - 26-05-2024 *\/\n.elementor-widget-text-editor.elementor-drop-cap-view-stacked .elementor-drop-cap{background-color:#69727d;color:#fff}.elementor-widget-text-editor.elementor-drop-cap-view-framed .elementor-drop-cap{color:#69727d;border:3px solid;background-color:transparent}.elementor-widget-text-editor:not(.elementor-drop-cap-view-default) .elementor-drop-cap{margin-top:8px}.elementor-widget-text-editor:not(.elementor-drop-cap-view-default) .elementor-drop-cap-letter{width:1em;height:1em}.elementor-widget-text-editor .elementor-drop-cap{float:left;text-align:center;line-height:1;font-size:50px}.elementor-widget-text-editor .elementor-drop-cap-letter{display:inline-block}<\/style>\t\t\t\t<p>Fort de plus de 25 ans d&rsquo;exp\u00e9rience dans le monde de l&rsquo;\u00e9v\u00e8nementiel comme charg\u00e9 de projet (Microsoft, Proximus, Ingram, Coca-Cola, &#8230;) et r\u00e9gisseur op\u00e9rationnel sur des \u00e9v\u00e8nements vari\u00e9s comme le Salon de l&rsquo;Auto pour le groupe Fiat, bi-centenaire de la Bataille de Waterloo, la F\u00eate Nationale du 21 juillet, les \u00e9v\u00e8nements Coca-Cola, Levi&rsquo;s, &#8230; j&rsquo;ai acquis une expertise pr\u00e9cieuse \u00e0 la fois en agence et sur le terrain. Avec ma passion pour la perfection, ma cr\u00e9ativit\u00e9 et ma capacit\u00e9 \u00e0 g\u00e9rer efficacement chaque aspect du projet, je suis l\u00e0 pour faire de votre vision une r\u00e9alit\u00e9.<\/p>\t\t\t\t\t\t<\/div>\n\t\t\t\t<\/div>\n\t\t\t\t<div class=\"elementor-element elementor-element-bac29c2 elementor-widget elementor-widget-button\" data-id=\"bac29c2\" data-element_type=\"widget\" data-widget_type=\"button.default\">\n\t\t\t\t<div class=\"elementor-widget-container\">\n\t\t\t\t\t<div class=\"elementor-button-wrapper\">\n\t\t\t<a class=\"elementor-button elementor-button-link elementor-size-sm\" href=\"https:\/\/www.ag2d.be\/gomap\/demande-de-devis\/\">\n\t\t\t\t\t\t<span class=\"elementor-button-content-wrapper\">\n\t\t\t\t\t\t<span class=\"elementor-button-icon elementor-align-icon-left\">\n\t\t\t\t<svg aria-hidden=\"true\" class=\"e-font-icon-svg e-fas-arrow-alt-circle-right\" viewBox=\"0 0 512 512\" xmlns=\"http:\/\/www.w3.org\/2000\/svg\"><path d=\"M256 8c137 0 248 111 248 248S393 504 256 504 8 393 8 256 119 8 256 8zM140 300h116v70.9c0 10.7 13 16.1 20.5 8.5l114.3-114.9c4.7-4.7 4.7-12.2 0-16.9l-114.3-115c-7.6-7.6-20.5-2.2-20.5 8.5V212H140c-6.6 0-12 5.4-12 12v64c0 6.6 5.4 12 12 12z\"><\/path><\/svg>\t\t\t<\/span>\n\t\t\t\t\t\t\t\t\t<span class=\"elementor-button-text\">Demandez un devis<\/span>\n\t\t\t\t\t<\/span>\n\t\t\t\t\t<\/a>\n\t\t<\/div>\n\t\t\t\t<\/div>\n\t\t\t\t<\/div>\n\t\t\t\t\t<\/div>\n\t\t\t\t<\/div>\n\t\t\t\t<\/div>\n\t\t","protected":false},"excerpt":{"rendered":"<p>Project manager\/r\u00e9gisseur Fort de plus de 25 ans d&rsquo;exp\u00e9rience dans le monde de l&rsquo;\u00e9v\u00e8nementiel comme charg\u00e9 de projet (Microsoft, Proximus, Ingram, Coca-Cola, &#8230;) et r\u00e9gisseur op\u00e9rationnel sur des \u00e9v\u00e8nements vari\u00e9s comme le Salon de l&rsquo;Auto pour le groupe Fiat, bi-centenaire de la Bataille de Waterloo, la F\u00eate Nationale du 21 juillet, les \u00e9v\u00e8nements Coca-Cola, Levi&rsquo;s, [&hellip;]<\/p>\n","protected":false},"author":1,"featured_media":0,"parent":0,"menu_order":0,"comment_status":"closed","ping_status":"closed","template":"elementor_header_footer","meta":{"footnotes":""},"class_list":["post-333","page","type-page","status-publish","hentry"],"aioseo_notices":[],"_links":{"self":[{"href":"https:\/\/www.ag2d.be\/gomap\/wp-json\/wp\/v2\/pages\/333","targetHints":{"allow":["GET"]}}],"collection":[{"href":"https:\/\/www.ag2d.be\/gomap\/wp-json\/wp\/v2\/pages"}],"about":[{"href":"https:\/\/www.ag2d.be\/gomap\/wp-json\/wp\/v2\/types\/page"}],"author":[{"embeddable":true,"href":"https:\/\/www.ag2d.be\/gomap\/wp-json\/wp\/v2\/users\/1"}],"replies":[{"embeddable":true,"href":"https:\/\/www.ag2d.be\/gomap\/wp-json\/wp\/v2\/comments?post=333"}],"version-history":[{"count":35,"href":"https:\/\/www.ag2d.be\/gomap\/wp-json\/wp\/v2\/pages\/333\/revisions"}],"predecessor-version":[{"id":845,"href":"https:\/\/www.ag2d.be\/gomap\/wp-json\/wp\/v2\/pages\/333\/revisions\/845"}],"wp:attachment":[{"href":"https:\/\/www.ag2d.be\/gomap\/wp-json\/wp\/v2\/media?parent=333"}],"curies":[{"name":"wp","href":"https:\/\/api.w.org\/{rel}","templated":true}]}}