{"id":364,"date":"2024-04-16T10:37:16","date_gmt":"2024-04-16T08:37:16","guid":{"rendered":"https:\/\/www.ag2d.be\/gomap\/?page_id=364"},"modified":"2024-05-22T12:30:43","modified_gmt":"2024-05-22T10:30:43","slug":"politique-de-confidentialite","status":"publish","type":"page","link":"https:\/\/www.ag2d.be\/gomap\/politique-de-confidentialite\/","title":{"rendered":"Politique de confidentialit\u00e9"},"content":{"rendered":"\t\t<div data-elementor-type=\"wp-page\" data-elementor-id=\"364\" class=\"elementor elementor-364\" data-elementor-post-type=\"page\">\n\t\t\t\t<div class=\"elementor-element elementor-element-fa25127 e-con-full e-flex e-con e-parent\" data-id=\"fa25127\" data-element_type=\"container\" data-settings=\"{&quot;background_background&quot;:&quot;classic&quot;,&quot;shape_divider_bottom&quot;:&quot;opacity-tilt&quot;}\">\n\t\t\t\t<div class=\"elementor-shape elementor-shape-bottom\" data-negative=\"false\">\n\t\t\t<svg xmlns=\"http:\/\/www.w3.org\/2000\/svg\" viewBox=\"0 0 2600 131.1\" preserveAspectRatio=\"none\">\n\t<path class=\"elementor-shape-fill\" d=\"M0 0L2600 0 2600 69.1 0 0z\"\/>\n\t<path class=\"elementor-shape-fill\" style=\"opacity:0.5\" d=\"M0 0L2600 0 2600 69.1 0 69.1z\"\/>\n\t<path class=\"elementor-shape-fill\" style=\"opacity:0.25\" d=\"M2600 0L0 0 0 130.1 2600 69.1z\"\/>\n<\/svg>\t\t<\/div>\n\t\t\t\t<\/div>\n\t\t<div class=\"elementor-element elementor-element-1c9418f e-flex e-con-boxed e-con e-parent\" data-id=\"1c9418f\" data-element_type=\"container\">\n\t\t\t\t\t<div class=\"e-con-inner\">\n\t\t\t\t<div class=\"elementor-element elementor-element-e1630ed elementor-widget elementor-widget-heading\" data-id=\"e1630ed\" data-element_type=\"widget\" data-widget_type=\"heading.default\">\n\t\t\t\t<div class=\"elementor-widget-container\">\n\t\t\t<style>\/*! elementor - v3.21.0 - 26-05-2024 *\/\n.elementor-heading-title{padding:0;margin:0;line-height:1}.elementor-widget-heading .elementor-heading-title[class*=elementor-size-]>a{color:inherit;font-size:inherit;line-height:inherit}.elementor-widget-heading .elementor-heading-title.elementor-size-small{font-size:15px}.elementor-widget-heading .elementor-heading-title.elementor-size-medium{font-size:19px}.elementor-widget-heading .elementor-heading-title.elementor-size-large{font-size:29px}.elementor-widget-heading .elementor-heading-title.elementor-size-xl{font-size:39px}.elementor-widget-heading .elementor-heading-title.elementor-size-xxl{font-size:59px}<\/style><h2 class=\"elementor-heading-title elementor-size-default\">Politique de confidentialit\u00e9<\/h2>\t\t<\/div>\n\t\t\t\t<\/div>\n\t\t\t\t<div class=\"elementor-element elementor-element-4c0039b elementor-widget__width-inherit elementor-widget elementor-widget-text-editor\" data-id=\"4c0039b\" data-element_type=\"widget\" data-widget_type=\"text-editor.default\">\n\t\t\t\t<div class=\"elementor-widget-container\">\n\t\t\t<style>\/*! elementor - v3.21.0 - 26-05-2024 *\/\n.elementor-widget-text-editor.elementor-drop-cap-view-stacked .elementor-drop-cap{background-color:#69727d;color:#fff}.elementor-widget-text-editor.elementor-drop-cap-view-framed .elementor-drop-cap{color:#69727d;border:3px solid;background-color:transparent}.elementor-widget-text-editor:not(.elementor-drop-cap-view-default) .elementor-drop-cap{margin-top:8px}.elementor-widget-text-editor:not(.elementor-drop-cap-view-default) .elementor-drop-cap-letter{width:1em;height:1em}.elementor-widget-text-editor .elementor-drop-cap{float:left;text-align:center;line-height:1;font-size:50px}.elementor-widget-text-editor .elementor-drop-cap-letter{display:inline-block}<\/style>\t\t\t\t<p><strong>Responsable du traitement des donn\u00e9es<\/strong><\/p><p>D\u00e9nomination sociale compl\u00e8te : GOMAP SCS<br \/>Num\u00e9ro d\u2019entreprise : BE0806.750.087<br \/>Si\u00e8ge social : Avenue Victor-Emmanuel III 65 &#8211; 1180 Uccle<br \/>Adresse e-mail : info@gomap.be<\/p><p><strong>Utilisation des donn\u00e9es personnelles collect\u00e9es<\/strong><\/p><p>Commentaires : si vous publiez un commentaire sur la plateforme, les donn\u00e9es inscrites dans le formulaire, mais \u00e9galement votre adresse ip et l\u2019agent utilisateur du navigateur sont collect\u00e9s pour nous aider \u00e0 la d\u00e9tection des commentaires ind\u00e9sirables.<\/p><p>M\u00e9dias : si vous \u00eates un utilisateur enregistr\u00e9 et que vous uploadez des images sur la plateforme, nous vous conseillons d\u2019\u00e9viter d\u2019uploader des images contenant des donn\u00e9es EXIF de coordonn\u00e9es GPS. Les utilisateurs du site internet peuvent t\u00e9l\u00e9charger et extraire des donn\u00e9es de localisation depuis ces images.<\/p><p>Cookies : si vous publiez un commentaire sur notre plateforme, il vous sera propos\u00e9 d\u2019enregistrer votre nom, adresse de messagerie et site internet dans des cookies. C\u2019est uniquement pour votre confort afin de ne pas avoir \u00e0 saisir ces informations si vous d\u00e9posez un autre commentaire plus tard. Ces cookies expirent au bout d\u2019un an.<\/p><p>Si vous avez un compte et que vous vous connectez sur la plateforme, un cookie temporaire sera cr\u00e9\u00e9 afin de d\u00e9terminer si votre navigateur accepte les cookies. Il ne contient pas de donn\u00e9es personnelles et sera supprim\u00e9 automatiquement \u00e0 la fermeture de votre navigateur.<\/p><p>Lorsque vous vous connecterez, nous mettrons en place un certain nombre de cookies pour enregistrer vos informations de connexion et vos pr\u00e9f\u00e9rences d\u2019\u00e9cran. La dur\u00e9e de vie d\u2019un cookie de connexion est de deux jours, celle d\u2019un cookie d\u2019option d\u2019\u00e9cran est d\u2019un an. Si vous cochez \u00ab Se souvenir de moi \u00bb, votre cookie de connexion sera conserv\u00e9 pendant deux semaines. Si vous vous d\u00e9connectez de votre compte, le cookie de connexion sera effac\u00e9.<\/p><p>En modifiant ou en publiant une annonce, un cookie suppl\u00e9mentaire sera enregistr\u00e9 dans votre navigateur. Ce cookie ne comprend aucune donn\u00e9e personnelle. Il indique simplement l\u2019identifiant de l\u2019article que vous venez de modifier. Il expire au bout d\u2019un jour.<\/p><p>Contenu embarqu\u00e9 depuis d\u2019autres sites : les articles\/pages de la plateforme peuvent inclure des contenus int\u00e9gr\u00e9s (par exemple des vid\u00e9os, images, articles\u2026). Le contenu int\u00e9gr\u00e9 depuis d\u2019autres sites se comporte de la m\u00eame mani\u00e8re que si l\u2019utilisateur se rendait sur cet autre site.<\/p><p>Ces sites internet pourraient collecter des donn\u00e9es sur vous, utiliser des cookies, embarquer des outils de suivis tiers, suivre vos interactions avec ces contenus embarqu\u00e9s si vous disposez d\u2019un compte connect\u00e9 sur leur site web.<\/p><p>Statistiques et mesures d\u2019audience : votre adresse ip et votre agent utilisateur du navigateur sont enregistr\u00e9s en vue de r\u00e9aliser des statistiques et des mesures d\u2019audience de la plateforme.<\/p><p><strong>S\u00e9curit\u00e9<\/strong><\/p><p>Nous prenons la protection des donn\u00e9es personnelles au s\u00e9rieux et prenons les mesures appropri\u00e9es pour pr\u00e9venir les abus, les pertes, les acc\u00e8s non autoris\u00e9s, les divulgations non d\u00e9sir\u00e9es ou les modifications non autoris\u00e9es. Lorsque nous recevons vos donn\u00e9es, nous utilisons toujours les technologies de codage reconnues comme des standards communs dans le secteur informatique. Nous avons mis en place des mesures de s\u00e9curit\u00e9 n\u00e9cessaires pour emp\u00eacher la perte, l\u2019utilisation ill\u00e9gale ou la modification des informations que nous recevons.<\/p><p><strong>Partage des donn\u00e9es avec un tiers<\/strong><\/p><p>Vos donn\u00e9es ne seront pas transmises \u00e0 des tiers, sauf s\u2019il s\u2019av\u00e8re que ceci soit n\u00e9cessaire pour l\u2019ex\u00e9cution de nos services ou pour se conformer \u00e0 une obligation l\u00e9gale.<\/p><p><strong>Dur\u00e9e de conservation des donn\u00e9es<\/strong><\/p><p>Nous ne stockerons pas vos donn\u00e9es personnelles plus longtemps que strictement n\u00e9cessaire pour atteindre les objectifs pour lesquels vos donn\u00e9es ont \u00e9t\u00e9 collect\u00e9es.<\/p><p>Si vous laissez un commentaire, celui-ci et ses m\u00e9tadonn\u00e9es sont conserv\u00e9s ind\u00e9finiment. Cela permet de reconna\u00eetre et d\u2019approuver automatiquement les commentaires suivants au lieu de les laisser dans la file de mod\u00e9ration.<\/p><p>Pour les utilisateurs qui s\u2019enregistrent sur la plateforme, nous stockons \u00e9galement les donn\u00e9es personnelles indiqu\u00e9es dans leur profil. Tous les utilisateurs peuvent voir, modifier ou supprimer leurs informations personnelles \u00e0 tout moment (\u00e0 l\u2019exception de leur nom d\u2019utilisateur).<\/p><p><strong>Droits<\/strong><\/p><p>Vous avez le droit de contr\u00f4ler et de corriger vos donn\u00e9es personnelles. Vous avez \u00e9galement le droit de faire corriger des donn\u00e9es incorrectes vous concernant, de les faire effacer ou d\u2019interdire leur utilisation. Votre demande peut nous \u00eatre faite \u00e0 l\u2019aide du formulaire de contact. Nous reprendrons par la suite contact avec vous en vue d\u2019op\u00e9rer les modifications. Vous pouvez \u00e0 tout moment d\u00e9poser une plainte aupr\u00e8s du comit\u00e9 de confidentialit\u00e9 si vous estimez que nous avons mal interpr\u00e9t\u00e9 vos donn\u00e9es personnelles. Cette plainte peut \u00eatre d\u00e9pos\u00e9e sur le site de la Commission Priv\u00e9e \u00e0 l\u2019adresse http:\/\/www.privacycommission.be<\/p><p><strong>Comment prot\u00e9geons-nous vos donn\u00e9es\u00a0?<\/strong><\/p><p>Nous nous engageons \u00e0 prot\u00e9ger vos donn\u00e9es personnelles. Nous utilisons les mesures techniques et organisationnelles appropri\u00e9es pour prot\u00e9ger vos donn\u00e9es personnelles et votre vie priv\u00e9e. Vos donn\u00e9es personnelles sont prot\u00e9g\u00e9es \u00e0 l\u2019aide d\u2019une combinaison de contr\u00f4les de s\u00e9curit\u00e9 physique et informatiques, y compris les contr\u00f4les d\u2019acc\u00e8s qui limitent et g\u00e8rent la mani\u00e8re dont vos donn\u00e9es personnelles sont g\u00e9r\u00e9es, trait\u00e9s et manipul\u00e9s.<\/p><p>Mise \u00e0 jour : 16\/04\/2024<\/p>\t\t\t\t\t\t<\/div>\n\t\t\t\t<\/div>\n\t\t\t\t\t<\/div>\n\t\t\t\t<\/div>\n\t\t\t\t<\/div>\n\t\t","protected":false},"excerpt":{"rendered":"<p>Politique de confidentialit\u00e9 Responsable du traitement des donn\u00e9es D\u00e9nomination sociale compl\u00e8te : GOMAP SCSNum\u00e9ro d\u2019entreprise : BE0806.750.087Si\u00e8ge social : Avenue Victor-Emmanuel III 65 &#8211; 1180 UccleAdresse e-mail : info@gomap.be Utilisation des donn\u00e9es personnelles collect\u00e9es Commentaires : si vous publiez un commentaire sur la plateforme, les donn\u00e9es inscrites dans le formulaire, mais \u00e9galement votre adresse ip [&hellip;]<\/p>\n","protected":false},"author":1,"featured_media":0,"parent":0,"menu_order":0,"comment_status":"closed","ping_status":"closed","template":"elementor_header_footer","meta":{"footnotes":""},"class_list":["post-364","page","type-page","status-publish","hentry"],"aioseo_notices":[],"_links":{"self":[{"href":"https:\/\/www.ag2d.be\/gomap\/wp-json\/wp\/v2\/pages\/364","targetHints":{"allow":["GET"]}}],"collection":[{"href":"https:\/\/www.ag2d.be\/gomap\/wp-json\/wp\/v2\/pages"}],"about":[{"href":"https:\/\/www.ag2d.be\/gomap\/wp-json\/wp\/v2\/types\/page"}],"author":[{"embeddable":true,"href":"https:\/\/www.ag2d.be\/gomap\/wp-json\/wp\/v2\/users\/1"}],"replies":[{"embeddable":true,"href":"https:\/\/www.ag2d.be\/gomap\/wp-json\/wp\/v2\/comments?post=364"}],"version-history":[{"count":13,"href":"https:\/\/www.ag2d.be\/gomap\/wp-json\/wp\/v2\/pages\/364\/revisions"}],"predecessor-version":[{"id":652,"href":"https:\/\/www.ag2d.be\/gomap\/wp-json\/wp\/v2\/pages\/364\/revisions\/652"}],"wp:attachment":[{"href":"https:\/\/www.ag2d.be\/gomap\/wp-json\/wp\/v2\/media?parent=364"}],"curies":[{"name":"wp","href":"https:\/\/api.w.org\/{rel}","templated":true}]}}